{"id":667,"date":"2020-07-14T06:44:43","date_gmt":"2020-07-14T06:44:43","guid":{"rendered":"https:\/\/laferme1794.ch\/?page_id=667"},"modified":"2022-08-17T13:40:36","modified_gmt":"2022-08-17T13:40:36","slug":"mentions-legales","status":"publish","type":"page","link":"https:\/\/laferme1794.ch\/fr\/mentions-legales\/","title":{"rendered":"Mentions l\u00e9gales"},"content":{"rendered":"<div class=\"wpb-content-wrapper\"><p>[vc_row css_animation=\u00a0\u00bb\u00a0\u00bb row_type=\u00a0\u00bbrow\u00a0\u00bb use_row_as_full_screen_section=\u00a0\u00bbyes\u00a0\u00bb type=\u00a0\u00bbfull_width\u00a0\u00bb angled_section=\u00a0\u00bbno\u00a0\u00bb text_align=\u00a0\u00bbleft\u00a0\u00bb background_image_as_pattern=\u00a0\u00bbwithout_pattern\u00a0\u00bb z_index=\u00a0\u00bb\u00a0\u00bb css=\u00a0\u00bb.vc_custom_1581519172306{padding-top: 6% !important;}\u00a0\u00bb][vc_column][vc_single_image image=\u00a0\u00bb585&Prime; img_size=\u00a0\u00bbfull\u00a0\u00bb alignment=\u00a0\u00bbcenter\u00a0\u00bb qode_css_animation=\u00a0\u00bb\u00a0\u00bb][\/vc_column][\/vc_row][vc_row css_animation=\u00a0\u00bb\u00a0\u00bb row_type=\u00a0\u00bbrow\u00a0\u00bb use_row_as_full_screen_section=\u00a0\u00bbno\u00a0\u00bb type=\u00a0\u00bbgrid\u00a0\u00bb angled_section=\u00a0\u00bbno\u00a0\u00bb text_align=\u00a0\u00bbleft\u00a0\u00bb background_image_as_pattern=\u00a0\u00bbwithout_pattern\u00a0\u00bb z_index=\u00a0\u00bb\u00a0\u00bb css=\u00a0\u00bb.vc_custom_1581520134569{padding-top: 6% !important;padding-bottom: 1% !important;}\u00a0\u00bb][vc_column][vc_row_inner row_type=\u00a0\u00bbrow\u00a0\u00bb type=\u00a0\u00bbfull_width\u00a0\u00bb text_align=\u00a0\u00bbleft\u00a0\u00bb css_animation=\u00a0\u00bb\u00a0\u00bb][vc_column_inner width=\u00a0\u00bb1\/3&Prime;][\/vc_column_inner][vc_column_inner width=\u00a0\u00bb1\/3&Prime;][vc_column_text]<\/p>\n<h4 style=\"text-align: center;\">Informations juridiques<\/h4>\n<p>[\/vc_column_text][vc_empty_space height=\u00a0\u00bb15px\u00a0\u00bb][vc_column_text]<\/p>\n<h2 style=\"text-align: center;\">Mentions l\u00e9gales<\/h2>\n<p>[\/vc_column_text][vc_empty_space height=\u00a0\u00bb25px\u00a0\u00bb][\/vc_column_inner][vc_column_inner width=\u00a0\u00bb1\/3&Prime;][\/vc_column_inner][\/vc_row_inner][vc_separator type=\u00a0\u00bbnormal\u00a0\u00bb color=\u00a0\u00bb#eaeaea\u00a0\u00bb thickness=\u00a0\u00bb1&Prime;][vc_row_inner row_type=\u00a0\u00bbrow\u00a0\u00bb type=\u00a0\u00bbfull_width\u00a0\u00bb text_align=\u00a0\u00bbcenter\u00a0\u00bb css_animation=\u00a0\u00bb\u00a0\u00bb css=\u00a0\u00bb.vc_custom_1581411783769{padding-top: 3% !important;}\u00a0\u00bb][vc_column_inner][vc_empty_space height=\u00a0\u00bb25px\u00a0\u00bb][vc_column_text]<\/p>\n<h3 style=\"text-align: left;\">RESPONSABLE<\/h3>\n<p>[\/vc_column_text][vc_column_text]<\/p>\n<p style=\"text-align: left;\">Bioleguma<br \/>\nPerrettenweg 9<br \/>\n3216\u00a0Ried b. Kerzers<\/p>\n<p style=\"text-align: left;\">T\u00e9l\u00e9phone: 031 755 43 35<br \/>\nFax: 031 755 43 36<br \/>\nMail:\u00a0<a href=\"&#109;&#x61;i&#108;&#x74;o&#58;&#x69;n&#102;&#x6f;&#64;&#98;&#x69;&#111;&#x6c;&#x65;&#103;&#x75;&#x6d;&#97;&#x2e;c&#104;\">&#105;&#x6e;f&#111;&#x40;b&#105;&#x6f;l&#101;&#x67;u&#109;&#x61;&#46;&#x63;&#x68;<\/a><\/p>\n<p style=\"text-align: left;\">Bioleguma est une communaut\u00e9 d\u2019exploitation<br \/>\nTVA CHE-111.824.170<\/p>\n<p>[\/vc_column_text][vc_empty_space height=\u00a0\u00bb25px\u00a0\u00bb][vc_column_text]<\/p>\n<h3 style=\"text-align: left;\">DROITS D\u2019AUTEURS &amp; SOURCE D\u2019IMAGES<\/h3>\n<p>[\/vc_column_text][vc_column_text]<\/p>\n<p style=\"text-align: left;\">Les droits d\u2019auteur (copyright) pour les objets publi\u00e9s, documents, mat\u00e9riaux etc., qui ont \u00e9t\u00e9 r\u00e9alis\u00e9 par l\u2019auteur du site lui sont r\u00e9serv\u00e9s. Le t\u00e9l\u00e9chargement, l\u2019impression et la sauvegarde des donn\u00e9es de ce site Web sont uniquement autoris\u00e9s pour une utilisation personnelle. Toute autre utilisation, n\u00e9cessite notre consentement explicite. Les droits d\u2019auteurs de tiers sont \u00e0 respecter, pour le contenu n\u2019ayant pas \u00e9t\u00e9 cr\u00e9\u00e9 par l\u2019auteur de ce site Web. Le contenu r\u00e9alis\u00e9 par un tiers est sp\u00e9cialement indiqu\u00e9.<\/p>\n<p style=\"text-align: left;\">Photos \u00a9 Angela Grimm \/ <a href=\"https:\/\/grimm.as-one.ch\/\" target=\"_blank\" rel=\"noopener noreferrer\">grimm.as-one.ch<\/a><br \/>\nPhotos \u00a9 BioPartner \/\u00a0<a href=\"https:\/\/biopartner.ch\" target=\"_blank\" rel=\"noopener noreferrer\">https:\/\/biopartner.ch<\/a><br \/>\nVid\u00e9os \u00a9 C\u00e9dric Maurer<\/p>\n<p>[\/vc_column_text][vc_empty_space height=\u00a0\u00bb25px\u00a0\u00bb][vc_column_text]<\/p>\n<h3 style=\"text-align: left;\">SITE WEB &amp; GRAPHIQUES<\/h3>\n<p>[\/vc_column_text][vc_column_text]<\/p>\n<p style=\"text-align: left;\">Ce site Web a \u00e9t\u00e9 con\u00e7u et r\u00e9alis\u00e9 par as one creative grimm gmbh: <a href=\"https:\/\/grimm.as-one.ch\/\" target=\"_blank\" rel=\"noopener noreferrer\">grimm.as-one.ch<\/a><\/p>\n<p>[\/vc_column_text][vc_empty_space height=\u00a0\u00bb25px\u00a0\u00bb][vc_column_text]<\/p>\n<h3 style=\"text-align: left;\">CLAUSE DE NON-RESPONSABILIT\u00c9<\/h3>\n<p>[\/vc_column_text][vc_column_text]<\/p>\n<p style=\"text-align: left;\">Tous les textes et liens ont \u00e9t\u00e9 soigneusement contr\u00f4l\u00e9s et sont r\u00e9guli\u00e8rement mis \u00e0 jour. Nous nous effor\u00e7ons de fournir des informations exactes et compl\u00e8tes sur ce site Web, mais nous d\u00e9clinons toute responsabilit\u00e9 ou garantie, au cas o\u00f9 les renseignements de ce site Web seraient inexacts, incomplets ou inactuels. Nous nous r\u00e9servons le droit de modifier \u00e0 tout moment et sans pr\u00e9avis les informations sur ce site Web, et nous rejetons toute obligation de mettre \u00e0 jour les informations contenues dans ce site Web. Nous avons v\u00e9rifi\u00e9 l\u2019exactitude de tous les liens externes au moment de la cr\u00e9ation de ce site. Cependant nous ne sommes pas responsable du contenu ou de la disponibilit\u00e9 des sites Web qui sont accessibles via des liens hypertextes. Pour les contenus ill\u00e9gaux, erron\u00e9s ou incomplets, et en particulier pour les dommages r\u00e9sultant du contenu des pages reli\u00e9es \u00e0 notre site Web, ainsi que pour tous les dommages de toute autre nature, la responsabilit\u00e9 incombe uniquement au propri\u00e9taire du site r\u00e9f\u00e9renc\u00e9.<\/p>\n<p>[\/vc_column_text][vc_empty_space height=\u00a0\u00bb25px\u00a0\u00bb][\/vc_column_inner][\/vc_row_inner][\/vc_column][\/vc_row]<\/p>\n<\/div>","protected":false},"excerpt":{"rendered":"<p>[vc_row css_animation=\u00a0\u00bb\u00a0\u00bb row_type=\u00a0\u00bbrow\u00a0\u00bb use_row_as_full_screen_section=\u00a0\u00bbyes\u00a0\u00bb type=\u00a0\u00bbfull_width\u00a0\u00bb angled_section=\u00a0\u00bbno\u00a0\u00bb text_align=\u00a0\u00bbleft\u00a0\u00bb background_image_as_pattern=\u00a0\u00bbwithout_pattern\u00a0\u00bb z_index=\u00a0\u00bb\u00a0\u00bb css=\u00a0\u00bb.vc_custom_1581519172306{padding-top: 6% !important;}\u00a0\u00bb][vc_column][vc_single_image image=\u00a0\u00bb585&Prime; img_size=\u00a0\u00bbfull\u00a0\u00bb alignment=\u00a0\u00bbcenter\u00a0\u00bb qode_css_animation=\u00a0\u00bb\u00a0\u00bb][\/vc_column][\/vc_row][vc_row css_animation=\u00a0\u00bb\u00a0\u00bb row_type=\u00a0\u00bbrow\u00a0\u00bb use_row_as_full_screen_section=\u00a0\u00bbno\u00a0\u00bb type=\u00a0\u00bbgrid\u00a0\u00bb angled_section=\u00a0\u00bbno\u00a0\u00bb text_align=\u00a0\u00bbleft\u00a0\u00bb background_image_as_pattern=\u00a0\u00bbwithout_pattern\u00a0\u00bb z_index=\u00a0\u00bb\u00a0\u00bb css=\u00a0\u00bb.vc_custom_1581520134569{padding-top: 6% !important;padding-bottom: 1% !important;}\u00a0\u00bb][vc_column][vc_row_inner row_type=\u00a0\u00bbrow\u00a0\u00bb type=\u00a0\u00bbfull_width\u00a0\u00bb text_align=\u00a0\u00bbleft\u00a0\u00bb css_animation=\u00a0\u00bb\u00a0\u00bb][vc_column_inner width=\u00a0\u00bb1\/3&Prime;][\/vc_column_inner][vc_column_inner width=\u00a0\u00bb1\/3&Prime;][vc_column_text] Informations juridiques [\/vc_column_text][vc_empty_space height=\u00a0\u00bb15px\u00a0\u00bb][vc_column_text] Mentions l\u00e9gales [\/vc_column_text][vc_empty_space height=\u00a0\u00bb25px\u00a0\u00bb][\/vc_column_inner][vc_column_inner width=\u00a0\u00bb1\/3&Prime;][\/vc_column_inner][\/vc_row_inner][vc_separator type=\u00a0\u00bbnormal\u00a0\u00bb&#8230;<\/p>\n","protected":false},"author":1,"featured_media":0,"parent":0,"menu_order":0,"comment_status":"closed","ping_status":"closed","template":"full_width.php","meta":{"footnotes":""},"class_list":["post-667","page","type-page","status-publish","hentry"],"yoast_head":"<!-- This site is optimized with the Yoast SEO plugin v26.8 - https:\/\/yoast.com\/product\/yoast-seo-wordpress\/ -->\n<title>Mentions l\u00e9gales - Bio Hofladen Murten<\/title>\n<meta name=\"robots\" content=\"index, follow, max-snippet:-1, max-image-preview:large, max-video-preview:-1\" \/>\n<link rel=\"canonical\" href=\"https:\/\/laferme1794.ch\/fr\/mentions-legales\/\" \/>\n<meta property=\"og:locale\" content=\"fr_FR\" \/>\n<meta property=\"og:type\" content=\"article\" \/>\n<meta property=\"og:title\" content=\"Mentions l\u00e9gales - Bio Hofladen Murten\" \/>\n<meta property=\"og:description\" content=\"[vc_row css_animation=\u00a0\u00bb\u00a0\u00bb row_type=\u00a0\u00bbrow\u00a0\u00bb use_row_as_full_screen_section=\u00a0\u00bbyes\u00a0\u00bb type=\u00a0\u00bbfull_width\u00a0\u00bb angled_section=\u00a0\u00bbno\u00a0\u00bb text_align=\u00a0\u00bbleft\u00a0\u00bb background_image_as_pattern=\u00a0\u00bbwithout_pattern\u00a0\u00bb z_index=\u00a0\u00bb\u00a0\u00bb css=\u00a0\u00bb.vc_custom_1581519172306{padding-top: 6% !important;}\u00a0\u00bb][vc_column][vc_single_image image=\u00a0\u00bb585&Prime; img_size=\u00a0\u00bbfull\u00a0\u00bb alignment=\u00a0\u00bbcenter\u00a0\u00bb qode_css_animation=\u00a0\u00bb\u00a0\u00bb][\/vc_column][\/vc_row][vc_row css_animation=\u00a0\u00bb\u00a0\u00bb row_type=\u00a0\u00bbrow\u00a0\u00bb use_row_as_full_screen_section=\u00a0\u00bbno\u00a0\u00bb type=\u00a0\u00bbgrid\u00a0\u00bb angled_section=\u00a0\u00bbno\u00a0\u00bb text_align=\u00a0\u00bbleft\u00a0\u00bb background_image_as_pattern=\u00a0\u00bbwithout_pattern\u00a0\u00bb z_index=\u00a0\u00bb\u00a0\u00bb css=\u00a0\u00bb.vc_custom_1581520134569{padding-top: 6% !important;padding-bottom: 1% !important;}\u00a0\u00bb][vc_column][vc_row_inner row_type=\u00a0\u00bbrow\u00a0\u00bb type=\u00a0\u00bbfull_width\u00a0\u00bb text_align=\u00a0\u00bbleft\u00a0\u00bb css_animation=\u00a0\u00bb\u00a0\u00bb][vc_column_inner width=\u00a0\u00bb1\/3&Prime;][\/vc_column_inner][vc_column_inner width=\u00a0\u00bb1\/3&Prime;][vc_column_text] Informations juridiques [\/vc_column_text][vc_empty_space height=\u00a0\u00bb15px\u00a0\u00bb][vc_column_text] Mentions l\u00e9gales [\/vc_column_text][vc_empty_space height=\u00a0\u00bb25px\u00a0\u00bb][\/vc_column_inner][vc_column_inner width=\u00a0\u00bb1\/3&Prime;][\/vc_column_inner][\/vc_row_inner][vc_separator type=\u00a0\u00bbnormal\u00a0\u00bb...\" \/>\n<meta property=\"og:url\" content=\"https:\/\/laferme1794.ch\/fr\/mentions-legales\/\" \/>\n<meta property=\"og:site_name\" content=\"Bio Hofladen Murten\" \/>\n<meta property=\"article:modified_time\" content=\"2022-08-17T13:40:36+00:00\" \/>\n<meta name=\"twitter:card\" content=\"summary_large_image\" \/>\n<meta name=\"twitter:label1\" content=\"Dur\u00e9e de lecture estim\u00e9e\" \/>\n\t<meta name=\"twitter:data1\" content=\"3 minutes\" \/>\n<script type=\"application\/ld+json\" class=\"yoast-schema-graph\">{\"@context\":\"https:\/\/schema.org\",\"@graph\":[{\"@type\":\"WebPage\",\"@id\":\"https:\/\/laferme1794.ch\/fr\/mentions-legales\/\",\"url\":\"https:\/\/laferme1794.ch\/fr\/mentions-legales\/\",\"name\":\"Mentions l\u00e9gales - Bio Hofladen Murten\",\"isPartOf\":{\"@id\":\"https:\/\/laferme1794.ch\/#website\"},\"datePublished\":\"2020-07-14T06:44:43+00:00\",\"dateModified\":\"2022-08-17T13:40:36+00:00\",\"breadcrumb\":{\"@id\":\"https:\/\/laferme1794.ch\/fr\/mentions-legales\/#breadcrumb\"},\"inLanguage\":\"fr-FR\",\"potentialAction\":[{\"@type\":\"ReadAction\",\"target\":[\"https:\/\/laferme1794.ch\/fr\/mentions-legales\/\"]}]},{\"@type\":\"BreadcrumbList\",\"@id\":\"https:\/\/laferme1794.ch\/fr\/mentions-legales\/#breadcrumb\",\"itemListElement\":[{\"@type\":\"ListItem\",\"position\":1,\"name\":\"Home\",\"item\":\"https:\/\/laferme1794.ch\/fr\/\"},{\"@type\":\"ListItem\",\"position\":2,\"name\":\"Mentions l\u00e9gales\"}]},{\"@type\":\"WebSite\",\"@id\":\"https:\/\/laferme1794.ch\/#website\",\"url\":\"https:\/\/laferme1794.ch\/\",\"name\":\"Bio Hofladen Murten\",\"description\":\"einkaufen - essen - trinken - erleben\",\"potentialAction\":[{\"@type\":\"SearchAction\",\"target\":{\"@type\":\"EntryPoint\",\"urlTemplate\":\"https:\/\/laferme1794.ch\/?s={search_term_string}\"},\"query-input\":{\"@type\":\"PropertyValueSpecification\",\"valueRequired\":true,\"valueName\":\"search_term_string\"}}],\"inLanguage\":\"fr-FR\"}]}<\/script>\n<!-- \/ Yoast SEO plugin. -->","yoast_head_json":{"title":"Mentions l\u00e9gales - Bio Hofladen Murten","robots":{"index":"index","follow":"follow","max-snippet":"max-snippet:-1","max-image-preview":"max-image-preview:large","max-video-preview":"max-video-preview:-1"},"canonical":"https:\/\/laferme1794.ch\/fr\/mentions-legales\/","og_locale":"fr_FR","og_type":"article","og_title":"Mentions l\u00e9gales - Bio Hofladen Murten","og_description":"[vc_row css_animation=\u00a0\u00bb\u00a0\u00bb row_type=\u00a0\u00bbrow\u00a0\u00bb use_row_as_full_screen_section=\u00a0\u00bbyes\u00a0\u00bb type=\u00a0\u00bbfull_width\u00a0\u00bb angled_section=\u00a0\u00bbno\u00a0\u00bb text_align=\u00a0\u00bbleft\u00a0\u00bb background_image_as_pattern=\u00a0\u00bbwithout_pattern\u00a0\u00bb z_index=\u00a0\u00bb\u00a0\u00bb css=\u00a0\u00bb.vc_custom_1581519172306{padding-top: 6% !important;}\u00a0\u00bb][vc_column][vc_single_image image=\u00a0\u00bb585&Prime; img_size=\u00a0\u00bbfull\u00a0\u00bb alignment=\u00a0\u00bbcenter\u00a0\u00bb qode_css_animation=\u00a0\u00bb\u00a0\u00bb][\/vc_column][\/vc_row][vc_row css_animation=\u00a0\u00bb\u00a0\u00bb row_type=\u00a0\u00bbrow\u00a0\u00bb use_row_as_full_screen_section=\u00a0\u00bbno\u00a0\u00bb type=\u00a0\u00bbgrid\u00a0\u00bb angled_section=\u00a0\u00bbno\u00a0\u00bb text_align=\u00a0\u00bbleft\u00a0\u00bb background_image_as_pattern=\u00a0\u00bbwithout_pattern\u00a0\u00bb z_index=\u00a0\u00bb\u00a0\u00bb css=\u00a0\u00bb.vc_custom_1581520134569{padding-top: 6% !important;padding-bottom: 1% !important;}\u00a0\u00bb][vc_column][vc_row_inner row_type=\u00a0\u00bbrow\u00a0\u00bb type=\u00a0\u00bbfull_width\u00a0\u00bb text_align=\u00a0\u00bbleft\u00a0\u00bb css_animation=\u00a0\u00bb\u00a0\u00bb][vc_column_inner width=\u00a0\u00bb1\/3&Prime;][\/vc_column_inner][vc_column_inner width=\u00a0\u00bb1\/3&Prime;][vc_column_text] Informations juridiques [\/vc_column_text][vc_empty_space height=\u00a0\u00bb15px\u00a0\u00bb][vc_column_text] Mentions l\u00e9gales [\/vc_column_text][vc_empty_space height=\u00a0\u00bb25px\u00a0\u00bb][\/vc_column_inner][vc_column_inner width=\u00a0\u00bb1\/3&Prime;][\/vc_column_inner][\/vc_row_inner][vc_separator type=\u00a0\u00bbnormal\u00a0\u00bb...","og_url":"https:\/\/laferme1794.ch\/fr\/mentions-legales\/","og_site_name":"Bio Hofladen Murten","article_modified_time":"2022-08-17T13:40:36+00:00","twitter_card":"summary_large_image","twitter_misc":{"Dur\u00e9e de lecture estim\u00e9e":"3 minutes"},"schema":{"@context":"https:\/\/schema.org","@graph":[{"@type":"WebPage","@id":"https:\/\/laferme1794.ch\/fr\/mentions-legales\/","url":"https:\/\/laferme1794.ch\/fr\/mentions-legales\/","name":"Mentions l\u00e9gales - Bio Hofladen Murten","isPartOf":{"@id":"https:\/\/laferme1794.ch\/#website"},"datePublished":"2020-07-14T06:44:43+00:00","dateModified":"2022-08-17T13:40:36+00:00","breadcrumb":{"@id":"https:\/\/laferme1794.ch\/fr\/mentions-legales\/#breadcrumb"},"inLanguage":"fr-FR","potentialAction":[{"@type":"ReadAction","target":["https:\/\/laferme1794.ch\/fr\/mentions-legales\/"]}]},{"@type":"BreadcrumbList","@id":"https:\/\/laferme1794.ch\/fr\/mentions-legales\/#breadcrumb","itemListElement":[{"@type":"ListItem","position":1,"name":"Home","item":"https:\/\/laferme1794.ch\/fr\/"},{"@type":"ListItem","position":2,"name":"Mentions l\u00e9gales"}]},{"@type":"WebSite","@id":"https:\/\/laferme1794.ch\/#website","url":"https:\/\/laferme1794.ch\/","name":"Bio Hofladen Murten","description":"einkaufen - essen - trinken - erleben","potentialAction":[{"@type":"SearchAction","target":{"@type":"EntryPoint","urlTemplate":"https:\/\/laferme1794.ch\/?s={search_term_string}"},"query-input":{"@type":"PropertyValueSpecification","valueRequired":true,"valueName":"search_term_string"}}],"inLanguage":"fr-FR"}]}},"_links":{"self":[{"href":"https:\/\/laferme1794.ch\/fr\/wp-json\/wp\/v2\/pages\/667","targetHints":{"allow":["GET"]}}],"collection":[{"href":"https:\/\/laferme1794.ch\/fr\/wp-json\/wp\/v2\/pages"}],"about":[{"href":"https:\/\/laferme1794.ch\/fr\/wp-json\/wp\/v2\/types\/page"}],"author":[{"embeddable":true,"href":"https:\/\/laferme1794.ch\/fr\/wp-json\/wp\/v2\/users\/1"}],"replies":[{"embeddable":true,"href":"https:\/\/laferme1794.ch\/fr\/wp-json\/wp\/v2\/comments?post=667"}],"version-history":[{"count":5,"href":"https:\/\/laferme1794.ch\/fr\/wp-json\/wp\/v2\/pages\/667\/revisions"}],"predecessor-version":[{"id":1024,"href":"https:\/\/laferme1794.ch\/fr\/wp-json\/wp\/v2\/pages\/667\/revisions\/1024"}],"wp:attachment":[{"href":"https:\/\/laferme1794.ch\/fr\/wp-json\/wp\/v2\/media?parent=667"}],"curies":[{"name":"wp","href":"https:\/\/api.w.org\/{rel}","templated":true}]}}